{"id":324,"date":"2017-05-30T08:44:36","date_gmt":"2017-05-30T08:44:36","guid":{"rendered":"http:\/\/www.eurhosting.net\/supertest\/termini-di-abuso\/"},"modified":"2017-05-31T21:35:36","modified_gmt":"2017-05-31T21:35:36","slug":"terms-of-abuse","status":"publish","type":"page","link":"https:\/\/www.eurhosting.net\/en\/terms-of-abuse\/","title":{"rendered":"Terms of Abuse"},"content":{"rendered":"<div class=\"wpb-content-wrapper\"><p>[vc_row foundry_padding=&#8221;pt180 pb180 pt-xs-80 pb-xs-80&#8243; css=&#8221;.vc_custom_1496266533372{background-image: url(https:\/\/www.eurhosting.net\/wp-content\/uploads\/2017\/05\/main-1.jpg?id=221) !important;background-position: center !important;background-repeat: no-repeat !important;background-size: cover !important;}&#8221;][vc_column][vc_empty_space height=&#8221;50px&#8221;][vc_row_inner][vc_column_inner width=&#8221;2\/3&#8243;][vc_column_text]<\/p>\n<h1>Terms of Abuse<\/h1>\n<p class=\"p1\"><span class=\"s1\">Below are terms that can suspend your account due to abuse on our servers. Please remember you are on a shared server and everyone is entitled to the server resources. This is a guideline for eurhosting.net and we will work with you so that you are not in violations of these terms.<\/span><\/p>\n<p>[\/vc_column_text][\/vc_column_inner][vc_column_inner width=&#8221;1\/3&#8243;][\/vc_column_inner][\/vc_row_inner][\/vc_column][\/vc_row][vc_row][vc_column][vc_column_text]<\/p>\n<h5 style=\"text-align: center;\">2017, MAY 30th<\/h5>\n<h2 style=\"text-align: center;\">Terms of Abuse<\/h2>\n<p class=\"p1\" style=\"text-align: left;\"><strong><span class=\"s1\">CGI Scripts<\/span><\/strong><\/p>\n<p class=\"p2\"><span class=\"s1\">Any scripts that pose a potential security risk or are deemed to be adversely affecting server performance or network integrity will be shut down or will be automatically removed without prior notice. Eurhosting does not permit CGI script sharing with domains not hosted by Eurhosting or any scripts that may be abused for UCE purposes.<\/span><\/p>\n<p class=\"p1\"><strong><span class=\"s1\">Unlimited Hosting Space and Bandwidth<\/span><\/strong><\/p>\n<p class=\"p2\"><span class=\"s1\">Unlimited hosting accounts do come with unlimited hosting space and bandwidth. But we start each account with a set limit but as you needs grow, simply contact us to request additional resources and we will increase it to whatever you need. This plan allows us to create more efficient use of our servers and provide better, faster, and more efficient hosting for our customers. Please note hosting space is intended for hosting and not intended for but not limited to online backup, Email, storage device for multimedia content such as, but not limited to, movies, music, photos, emails, or other media. Any use of our hosting service in this manner will be considered a violation of our terms of use and will result in automatic suspension of the hosting account without any prior notification.<\/span><\/p>\n<p class=\"p1\"><strong><span class=\"s1\">File Count Limitation<\/span><\/strong><\/p>\n<p class=\"p2\"><span class=\"s1\">Every eurhosting.net account is limited to no more than 150,000 total files. These files include, but are not limited to, website files, multimedia files, e-mail files, backup files, and anything else that may be stored on one&#8217;s hosting account. Should the 150,000 file limit be reached the customer has the option to either A) reduce the number of total files on the hosting account or B) Purchase an additional block of 50,000 files for the cost of \u20ac 10.00 per month. If a customer is contacted regarding the volume of files on his or her account and a response is not received, the account will automatically be billed for the excess files.<\/span><\/p>\n<p class=\"p1\"><strong><span class=\"s1\">Software Distribution<\/span><\/strong><\/p>\n<p class=\"p2\"><span class=\"s1\">Eurhosting Shared Hosting accounts are not configured for the purposes of distributing software and\/or multimedia products. This includes but is not limited to file sharing, torrents, warez, and pirated material.<\/span><\/p>\n<p class=\"p1\"><strong><span class=\"s1\">Multimedia Files<\/span><\/strong><\/p>\n<p class=\"p2\"><span class=\"s1\">Multimedia files are defined as any graphics, audio, and video files. Eurhosting Shared Hosting accounts are not to be used for the purposes of distributing and storing unusual amounts of multimedia files. Any Web site whose hosting space usage for storing multimedia files exceeds 10% of the initial quota setup, in terms of total size or number of files, will be considered to be using an unusual amount of multimedia files.<\/span><\/p>\n<p class=\"p1\"><strong><span class=\"s1\">Databases<\/span><\/strong><\/p>\n<p class=\"p2\"><span class=\"s1\">Any database stored on Eurhosting Shared Hosting servers will be limited in size to 10% of the initial quota setup allotted for that particular domain&#8217;s plan\/web hosting account.<\/span><\/p>\n<p class=\"p1\"><strong><span class=\"s1\">CPU and Memory Limit<\/span><\/strong><\/p>\n<p class=\"p2\"><span class=\"s1\">All accounts will be only allowed to use 10% of cpu and memory and can not exceed a session longer then 10 min. This includes all database uses, email, cron jobs, and any FTP sessions.<\/span><\/p>\n<p class=\"p1\"><strong><span class=\"s1\">Email Limitation<\/span><\/strong><\/p>\n<p class=\"p2\"><span class=\"s1\">Outgoing emails are limited to 300 per hour or 3000 per day whichever is reached first. This limitation is per hosting account. Any hosting account using in excess of 10% of its initial quota setup for Email storage will be considered a violation of our terms of use.<\/span><\/p>\n<p class=\"p1\"><strong><span class=\"s1\">Removal of Account<\/span><\/strong><\/p>\n<p class=\"p3\"><span class=\"s1\">If an account is suspended for any of the above reasons three or more times or has been in a suspended status for 60 days will be cancelled and removed from our servers.<\/span><\/p>\n<p>[\/vc_column_text][vc_column_text]<strong>Script CGI<\/strong><\/p>\n<p>Qualsiasi script che costituisce un rischio potenziale di sicurezza o si ritiene che abbia un effetto negativo sulle prestazioni del server o sull&#8217;integrit\u00e0 di rete verr\u00e0 interrotto o sar\u00e0 automaticamente rimosso senza preavviso.\u00a0Eurhosting non consente la condivisione di script CGI con domini non ospitati da Eurhosting o altri script che possono essere abusati per scopi UCE.<\/p>\n<p><strong>Spazio di hosting illimitato e larghezza di banda<\/strong><\/p>\n<p>Gli account di hosting illimitati vengono forniti con spazio di hosting illimitato e larghezza di banda.\u00a0Ma ogni account viene avviato con un limite prestabilito, ma se \u00e8 necessario aumentare, contatta semplicemente per richiedere risorse aggiuntive e lo aumentiamo a tutto ci\u00f2 che ti serve.\u00a0Questo piano ci permette di creare un utilizzo pi\u00f9 efficiente dei nostri server e di offrire ospitalit\u00e0 migliore, pi\u00f9 veloce e pi\u00f9 efficiente per i nostri clienti.\u00a0Si prega di notare che lo spazio di hosting \u00e8 destinato ad essere hosting e non \u00e8 destinato, ma non solo, al backup online, all&#8217;e-mail, memorizzazione per contenuti multimediali quali, ad esempio, filmati, musica, foto, e-mail o altri supporti.\u00a0Qualsiasi utilizzo del nostro servizio di hosting in questo modo sar\u00e0 considerato una violazione dei nostri termini di utilizzo e provocher\u00e0 la sospensione automatica del conto di hosting senza alcuna comunicazione preventiva.<\/p>\n<p><strong>Limite di conteggio dei file<\/strong><\/p>\n<p>Ogni account eurhosting.net \u00e8 limitato a non pi\u00f9 di 150.000 file totali.\u00a0Questi file includono, ma non sono limitati a, file di siti web, file multimediali, file di posta elettronica, file di backup e tutto ci\u00f2 che pu\u00f2 essere memorizzato sul proprio account di hosting.\u00a0Se si raggiunge il limite di file di 150.000, il cliente ha la possibilit\u00e0 di: A) ridurre il numero di file totali sul proprio account di hosting o B) acquistare un blocco aggiuntivo di 50.000 file per il costo di \u20ac 10,00 al mese.\u00a0Se viene contattato un cliente per quanto riguarda il volume dei file nel proprio account e non riceve una risposta, l&#8217;account verr\u00e0 automaticamente fatturato per i file in eccesso.<\/p>\n<p><strong>Distribuzione software<\/strong><\/p>\n<p>Gli account di hosting di Eurhosting non sono configurati ai fini della distribuzione di software e \/ o di prodotti multimediali.\u00a0Ci\u00f2 include, ma non \u00e8 limitato alla condivisione di file, torrents, warez e materiale pirata.<\/p>\n<p><strong>File multimediali<\/strong><\/p>\n<p>I file multimediali sono definiti come tutti i file grafici, audio e video.\u00a0Gli account di hosting condiviso di Eurhosting non devono essere utilizzati per la distribuzione e l&#8217;archiviazione di quantit\u00e0 insoliti di file multimediali.\u00a0Qualsiasi sito Web il cui utilizzo di spazio di hosting per la memorizzazione di file multimediali supera il 10% della configurazione iniziale delle quote, in termini di dimensione totale o numero di file, sar\u00e0 considerato utilizzando un numero insolito di file multimediali.<\/p>\n<p><strong>Database<\/strong><\/p>\n<p>Ogni database memorizzato sui server di hosting condiviso di Eurhosting sar\u00e0 limitato in dimensioni fino al 10% della quota iniziale assegnata per il piano \/ hosting web di quel particolare dominio.<\/p>\n<p><strong>CPU e limite di memoria<\/strong><\/p>\n<p>Tutti gli account di hosting sono autorizzati ad utilizzare solo il 10% della CPU e della memoria e non possono superare una sessione pi\u00f9 lunga di 10 minuti.\u00a0Questo include tutti gli usi del database, i messaggi di posta elettronica, i lavori di cron e tutte le sessioni FTP.<\/p>\n<p><strong>Limitazione di posta elettronica<\/strong><\/p>\n<p>Le e-mail in uscita sono limitate a 300 all&#8217;ora o 3000 al giorno a seconda del primo.\u00a0Questa limitazione \u00e8 per gli account di hosting.\u00a0Qualsiasi account di hosting che utilizza oltre il 10% della sua quota iniziale per l&#8217;immagazzinamento di posta elettronica sar\u00e0 considerato una violazione dei nostri termini di utilizzo.<\/p>\n<p><strong>Rimozione dell&#8217;account<\/strong><\/p>\n<p>Se un account \u00e8 sospeso per uno dei motivi di cui sopra tre o pi\u00f9 volte o \u00e8 stato in uno stato sospeso per 60 giorni verr\u00e0 annullato e rimosso dai nostri server.[\/vc_column_text][\/vc_column][\/vc_row]<\/p>\n<\/div>","protected":false},"excerpt":{"rendered":"<p>[vc_row foundry_padding=&#8221;pt180 pb180 pt-xs-80 pb-xs-80&#8243; css=&#8221;.vc_custom_1496266533372{background-image: url(https:\/\/www.eurhosting.net\/wp-content\/uploads\/2017\/05\/main-1.jpg?id=221) !important;background-position: center !important;background-repeat: no-repeat !important;background-size: cover !important;}&#8221;][vc_column][vc_empty_space height=&#8221;50px&#8221;][vc_row_inner][vc_column_inner width=&#8221;2\/3&#8243;][vc_column_text] Terms of Abuse Below are&#8230;<\/p>\n","protected":false},"author":2,"featured_media":0,"parent":0,"menu_order":0,"comment_status":"closed","ping_status":"closed","template":"","meta":{"om_disable_all_campaigns":false,"_monsterinsights_skip_tracking":false,"_monsterinsights_sitenote_active":false,"_monsterinsights_sitenote_note":"","_monsterinsights_sitenote_category":0,"footnotes":""},"class_list":["post-324","page","type-page","status-publish","hentry"],"aioseo_notices":[],"yoast_head":"<!-- This site is optimized with the Yoast SEO plugin v27.5 - https:\/\/yoast.com\/product\/yoast-seo-wordpress\/ -->\n<title>Terms of Abuse - Eurhosting \u00ae<\/title>\n<meta name=\"robots\" content=\"index, follow, max-snippet:-1, max-image-preview:large, max-video-preview:-1\" \/>\n<link rel=\"canonical\" href=\"https:\/\/www.eurhosting.net\/en\/terms-of-abuse\/\" \/>\n<meta property=\"og:locale\" content=\"en_US\" \/>\n<meta property=\"og:type\" content=\"article\" \/>\n<meta property=\"og:title\" content=\"Terms of Abuse - Eurhosting \u00ae\" \/>\n<meta property=\"og:description\" content=\"[vc_row foundry_padding=&#8221;pt180 pb180 pt-xs-80 pb-xs-80&#8243; css=&#8221;.vc_custom_1496266533372{background-image: url(https:\/\/www.eurhosting.net\/wp-content\/uploads\/2017\/05\/main-1.jpg?id=221) !important;background-position: center !important;background-repeat: no-repeat !important;background-size: cover !important;}&#8221;][vc_column][vc_empty_space height=&#8221;50px&#8221;][vc_row_inner][vc_column_inner width=&#8221;2\/3&#8243;][vc_column_text] Terms of Abuse Below are...\" \/>\n<meta property=\"og:url\" content=\"https:\/\/www.eurhosting.net\/en\/terms-of-abuse\/\" \/>\n<meta property=\"og:site_name\" content=\"Eurhosting \u00ae\" \/>\n<meta property=\"article:modified_time\" content=\"2017-05-31T21:35:36+00:00\" \/>\n<meta name=\"twitter:card\" content=\"summary_large_image\" \/>\n<meta name=\"twitter:label1\" content=\"Est. reading time\" \/>\n\t<meta name=\"twitter:data1\" content=\"7 minutes\" \/>\n<script type=\"application\/ld+json\" class=\"yoast-schema-graph\">{\"@context\":\"https:\\\/\\\/schema.org\",\"@graph\":[{\"@type\":\"WebPage\",\"@id\":\"https:\\\/\\\/www.eurhosting.net\\\/en\\\/terms-of-abuse\\\/\",\"url\":\"https:\\\/\\\/www.eurhosting.net\\\/en\\\/terms-of-abuse\\\/\",\"name\":\"Terms of Abuse - Eurhosting \u00ae\",\"isPartOf\":{\"@id\":\"https:\\\/\\\/www.eurhosting.net\\\/en\\\/#website\"},\"datePublished\":\"2017-05-30T08:44:36+00:00\",\"dateModified\":\"2017-05-31T21:35:36+00:00\",\"breadcrumb\":{\"@id\":\"https:\\\/\\\/www.eurhosting.net\\\/en\\\/terms-of-abuse\\\/#breadcrumb\"},\"inLanguage\":\"en-US\",\"potentialAction\":[{\"@type\":\"ReadAction\",\"target\":[\"https:\\\/\\\/www.eurhosting.net\\\/en\\\/terms-of-abuse\\\/\"]}]},{\"@type\":\"BreadcrumbList\",\"@id\":\"https:\\\/\\\/www.eurhosting.net\\\/en\\\/terms-of-abuse\\\/#breadcrumb\",\"itemListElement\":[{\"@type\":\"ListItem\",\"position\":1,\"name\":\"Home\",\"item\":\"https:\\\/\\\/www.eurhosting.net\\\/en\\\/\"},{\"@type\":\"ListItem\",\"position\":2,\"name\":\"Terms of Abuse\"}]},{\"@type\":\"WebSite\",\"@id\":\"https:\\\/\\\/www.eurhosting.net\\\/en\\\/#website\",\"url\":\"https:\\\/\\\/www.eurhosting.net\\\/en\\\/\",\"name\":\"Eurhosting \u00ae\",\"description\":\"Domain, hosting and housing solutions\",\"publisher\":{\"@id\":\"https:\\\/\\\/www.eurhosting.net\\\/en\\\/#organization\"},\"potentialAction\":[{\"@type\":\"SearchAction\",\"target\":{\"@type\":\"EntryPoint\",\"urlTemplate\":\"https:\\\/\\\/www.eurhosting.net\\\/en\\\/?s={search_term_string}\"},\"query-input\":{\"@type\":\"PropertyValueSpecification\",\"valueRequired\":true,\"valueName\":\"search_term_string\"}}],\"inLanguage\":\"en-US\"},{\"@type\":\"Organization\",\"@id\":\"https:\\\/\\\/www.eurhosting.net\\\/en\\\/#organization\",\"name\":\"Eurhosting\",\"url\":\"https:\\\/\\\/www.eurhosting.net\\\/en\\\/\",\"logo\":{\"@type\":\"ImageObject\",\"inLanguage\":\"en-US\",\"@id\":\"https:\\\/\\\/www.eurhosting.net\\\/en\\\/#\\\/schema\\\/logo\\\/image\\\/\",\"url\":\"https:\\\/\\\/www.eurhosting.net\\\/wp-content\\\/uploads\\\/2022\\\/04\\\/logo.png\",\"contentUrl\":\"https:\\\/\\\/www.eurhosting.net\\\/wp-content\\\/uploads\\\/2022\\\/04\\\/logo.png\",\"width\":500,\"height\":500,\"caption\":\"Eurhosting\"},\"image\":{\"@id\":\"https:\\\/\\\/www.eurhosting.net\\\/en\\\/#\\\/schema\\\/logo\\\/image\\\/\"}}]}<\/script>\n<!-- \/ Yoast SEO plugin. -->","yoast_head_json":{"title":"Terms of Abuse - Eurhosting \u00ae","robots":{"index":"index","follow":"follow","max-snippet":"max-snippet:-1","max-image-preview":"max-image-preview:large","max-video-preview":"max-video-preview:-1"},"canonical":"https:\/\/www.eurhosting.net\/en\/terms-of-abuse\/","og_locale":"en_US","og_type":"article","og_title":"Terms of Abuse - Eurhosting \u00ae","og_description":"[vc_row foundry_padding=&#8221;pt180 pb180 pt-xs-80 pb-xs-80&#8243; css=&#8221;.vc_custom_1496266533372{background-image: url(https:\/\/www.eurhosting.net\/wp-content\/uploads\/2017\/05\/main-1.jpg?id=221) !important;background-position: center !important;background-repeat: no-repeat !important;background-size: cover !important;}&#8221;][vc_column][vc_empty_space height=&#8221;50px&#8221;][vc_row_inner][vc_column_inner width=&#8221;2\/3&#8243;][vc_column_text] Terms of Abuse Below are...","og_url":"https:\/\/www.eurhosting.net\/en\/terms-of-abuse\/","og_site_name":"Eurhosting \u00ae","article_modified_time":"2017-05-31T21:35:36+00:00","twitter_card":"summary_large_image","twitter_misc":{"Est. reading time":"7 minutes"},"schema":{"@context":"https:\/\/schema.org","@graph":[{"@type":"WebPage","@id":"https:\/\/www.eurhosting.net\/en\/terms-of-abuse\/","url":"https:\/\/www.eurhosting.net\/en\/terms-of-abuse\/","name":"Terms of Abuse - Eurhosting \u00ae","isPartOf":{"@id":"https:\/\/www.eurhosting.net\/en\/#website"},"datePublished":"2017-05-30T08:44:36+00:00","dateModified":"2017-05-31T21:35:36+00:00","breadcrumb":{"@id":"https:\/\/www.eurhosting.net\/en\/terms-of-abuse\/#breadcrumb"},"inLanguage":"en-US","potentialAction":[{"@type":"ReadAction","target":["https:\/\/www.eurhosting.net\/en\/terms-of-abuse\/"]}]},{"@type":"BreadcrumbList","@id":"https:\/\/www.eurhosting.net\/en\/terms-of-abuse\/#breadcrumb","itemListElement":[{"@type":"ListItem","position":1,"name":"Home","item":"https:\/\/www.eurhosting.net\/en\/"},{"@type":"ListItem","position":2,"name":"Terms of Abuse"}]},{"@type":"WebSite","@id":"https:\/\/www.eurhosting.net\/en\/#website","url":"https:\/\/www.eurhosting.net\/en\/","name":"Eurhosting \u00ae","description":"Domain, hosting and housing solutions","publisher":{"@id":"https:\/\/www.eurhosting.net\/en\/#organization"},"potentialAction":[{"@type":"SearchAction","target":{"@type":"EntryPoint","urlTemplate":"https:\/\/www.eurhosting.net\/en\/?s={search_term_string}"},"query-input":{"@type":"PropertyValueSpecification","valueRequired":true,"valueName":"search_term_string"}}],"inLanguage":"en-US"},{"@type":"Organization","@id":"https:\/\/www.eurhosting.net\/en\/#organization","name":"Eurhosting","url":"https:\/\/www.eurhosting.net\/en\/","logo":{"@type":"ImageObject","inLanguage":"en-US","@id":"https:\/\/www.eurhosting.net\/en\/#\/schema\/logo\/image\/","url":"https:\/\/www.eurhosting.net\/wp-content\/uploads\/2022\/04\/logo.png","contentUrl":"https:\/\/www.eurhosting.net\/wp-content\/uploads\/2022\/04\/logo.png","width":500,"height":500,"caption":"Eurhosting"},"image":{"@id":"https:\/\/www.eurhosting.net\/en\/#\/schema\/logo\/image\/"}}]}},"_links":{"self":[{"href":"https:\/\/www.eurhosting.net\/en\/wp-json\/wp\/v2\/pages\/324","targetHints":{"allow":["GET"]}}],"collection":[{"href":"https:\/\/www.eurhosting.net\/en\/wp-json\/wp\/v2\/pages"}],"about":[{"href":"https:\/\/www.eurhosting.net\/en\/wp-json\/wp\/v2\/types\/page"}],"author":[{"embeddable":true,"href":"https:\/\/www.eurhosting.net\/en\/wp-json\/wp\/v2\/users\/2"}],"replies":[{"embeddable":true,"href":"https:\/\/www.eurhosting.net\/en\/wp-json\/wp\/v2\/comments?post=324"}],"version-history":[{"count":0,"href":"https:\/\/www.eurhosting.net\/en\/wp-json\/wp\/v2\/pages\/324\/revisions"}],"wp:attachment":[{"href":"https:\/\/www.eurhosting.net\/en\/wp-json\/wp\/v2\/media?parent=324"}],"curies":[{"name":"wp","href":"https:\/\/api.w.org\/{rel}","templated":true}]}}